{"id":14,"date":"2016-01-21T13:31:13","date_gmt":"2016-01-21T13:31:13","guid":{"rendered":"http:\/\/blogs.napier.ac.uk\/lsss\/?page_id=14"},"modified":"2016-03-01T15:00:38","modified_gmt":"2016-03-01T15:00:38","slug":"public-engagement","status":"publish","type":"page","link":"https:\/\/blogs.napier.ac.uk\/lsss\/public-engagement\/","title":{"rendered":"Public Engagement"},"content":{"rendered":"<p>Academics and researchers from across the School are involved in lots of different public engagement activities. You might come across us at <a href=\"http:\/\/www.edinburghskeptics.co.uk\/\" target=\"_blank\">Edinburgh Skeptics<\/a>, <a href=\"https:\/\/tickets.edfringe.com\/\" target=\"_blank\">Edinburgh Fringe<\/a>, <a href=\"http:\/\/brightclubedinburgh.blogspot.co.uk\/\" target=\"_blank\">Bright Club<\/a>,\u00a0 or writing for <a href=\"https:\/\/theconversation.com\/uk\" target=\"_blank\">The Conversation<\/a> amongst other things!<\/p>\n<p>We will be using this space to tell you about what we&#8217;re up to you, and where you can engage with us!<\/p>\n<p><strong>Recent and upcoming public engagement<\/strong><\/p>\n<p><u>Recent<\/u><\/p>\n<p>Dr Andrew Wooff appeared as an expert on rural crime at the Scottish Parliament cross- party group on rural policy (24 Feb 2016), along with representatives from Police Scotland.<\/p>\n<p>The Criminology programme team have taken turns to chair the quarterly Lothian and Borders Community Justice Authority Workshops throughout 2015 and in to 2016 <a href=\"http:\/\/www.cjalb.co.uk\/index.php?mact=News,cntnt01,detail,0&amp;cntnt01articleid=22&amp;cntnt01returnid=59\">http:\/\/www.cjalb.co.uk\/index.php?mact=News,cntnt01,detail,0&amp;cntnt01articleid=22&amp;cntnt01returnid=59<\/a><\/p>\n<p>Two undergraduate students in Forensic Biology are currently undertaking their honours research projects on topics suggested by Scottish Police Authority (SPA) Forensic Services as current areas of research interest to SPA. The students will share their findings with SPA in due course.<\/p>\n<p><u>STEM Ambassadors<\/u><\/p>\n<p>Dr Craig Stevens took part in a speed networking event at St Margaret\u2019s Academy in Livingston.\u00a0\u00a0 Dr Peter Barlow took part in a \u201cRoutes into Employment\u201d event at Portobello High School.\u00a0 Dr Anna Campbell talked to pupils at Kilgraston Girls\u2019 School in Bridge of Earn about studying science.<\/p>\n<p><u>Upcoming<\/u><\/p>\n<p>Dr Kathy Charles will be at Dunbar Science festival on 11 March with \u2018Champagne, oysters, buttered asparagus, chocolate, chilli&#8230; do these foods make just your heart rate rise..?\u00a0 Come and hear about the science and psychology of aphrodisiacs so that you know exactly what those moreish morsels are doing to you\u2019<\/p>\n<p>Dr Clare Taylor will also be at Dunbar Science festival on 12 March with \u2018Women \u2013 science isn\u2019t for you! The UK desperately needs more scientists and engineers, yet highly qualified, talented and ambitious women are still deserting science &amp; technology. What\u2019s really going on? Could the answers be found in role models, mentors and male-support, or do women simply lack ability in science? Join Dr Clare Taylor, Edinburgh Napier University, to discuss what, if anything, we should do about it.<\/p>\n<p>Dr Faye Skelton is co-organising a \u2019Super Recognisers\u2019 event in collaboration with The Open University. The event will be held at Craiglockhart on the 27<sup>th<\/sup> and 28<sup>th<\/sup> May and will involve a workshop, networking dinner, and a series of talks on the Saturday. The event is a networking event for Police, academics and other relevant professionals and will be attended by some MET Police super-recognisers, as well as academics who have published research in the area, in addition to professionals from Tullieallan, SIPR etc.<\/p>\n<p>Dr Calum Neil will be holding a public launch for his new book, \u2018Ethics and Psychology: Beyond Codes of Practice\u2019, at the Cameo cinema on the evening of 1st June. As well as a presentation by the author, the launch will include a screening of Alejandro Gonz\u00e1lez I\u00f1\u00e1rritu\u2019s \u2018Birdman\u2019 and an interactive discussion with the author and other speakers.<\/p>\n<p>If you have any comments, or would like to know how to get involved in public engagement with academics and researchers in our School, please email us at <a href=\"mailto:publicengagement@napier.ac.uk\">publicengagement@napier.ac.uk<\/a><\/p>\n<p><a href=\"http:\/\/blogs.napier.ac.uk\/lsss\/wp-content\/uploads\/sites\/35\/2016\/01\/20140920_104559.jpg\"><img loading=\"lazy\" decoding=\"async\" class=\"alignnone size-medium wp-image-17\" src=\"http:\/\/blogs.napier.ac.uk\/lsss\/wp-content\/uploads\/sites\/35\/2016\/01\/20140920_104559-300x225.jpg\" alt=\"20140920_104559\" width=\"300\" height=\"225\" srcset=\"https:\/\/blogs.napier.ac.uk\/lsss\/wp-content\/uploads\/sites\/35\/2016\/01\/20140920_104559-300x225.jpg 300w, https:\/\/blogs.napier.ac.uk\/lsss\/wp-content\/uploads\/sites\/35\/2016\/01\/20140920_104559-1024x768.jpg 1024w, https:\/\/blogs.napier.ac.uk\/lsss\/wp-content\/uploads\/sites\/35\/2016\/01\/20140920_104559-100x75.jpg 100w, https:\/\/blogs.napier.ac.uk\/lsss\/wp-content\/uploads\/sites\/35\/2016\/01\/20140920_104559-150x113.jpg 150w, https:\/\/blogs.napier.ac.uk\/lsss\/wp-content\/uploads\/sites\/35\/2016\/01\/20140920_104559-200x150.jpg 200w, https:\/\/blogs.napier.ac.uk\/lsss\/wp-content\/uploads\/sites\/35\/2016\/01\/20140920_104559-450x338.jpg 450w, https:\/\/blogs.napier.ac.uk\/lsss\/wp-content\/uploads\/sites\/35\/2016\/01\/20140920_104559-600x450.jpg 600w, https:\/\/blogs.napier.ac.uk\/lsss\/wp-content\/uploads\/sites\/35\/2016\/01\/20140920_104559-900x675.jpg 900w\" sizes=\"auto, (max-width: 300px) 100vw, 300px\" \/><\/a> <a href=\"http:\/\/blogs.napier.ac.uk\/lsss\/wp-content\/uploads\/sites\/35\/2016\/01\/20405411514_7262ce4f01_o.jpg\"><img loading=\"lazy\" decoding=\"async\" class=\"alignnone size-medium wp-image-18\" src=\"http:\/\/blogs.napier.ac.uk\/lsss\/wp-content\/uploads\/sites\/35\/2016\/01\/20405411514_7262ce4f01_o-300x225.jpg\" alt=\"20405411514_7262ce4f01_o\" width=\"300\" height=\"225\" srcset=\"https:\/\/blogs.napier.ac.uk\/lsss\/wp-content\/uploads\/sites\/35\/2016\/01\/20405411514_7262ce4f01_o-300x225.jpg 300w, https:\/\/blogs.napier.ac.uk\/lsss\/wp-content\/uploads\/sites\/35\/2016\/01\/20405411514_7262ce4f01_o-1024x768.jpg 1024w, https:\/\/blogs.napier.ac.uk\/lsss\/wp-content\/uploads\/sites\/35\/2016\/01\/20405411514_7262ce4f01_o-100x75.jpg 100w, https:\/\/blogs.napier.ac.uk\/lsss\/wp-content\/uploads\/sites\/35\/2016\/01\/20405411514_7262ce4f01_o-150x113.jpg 150w, https:\/\/blogs.napier.ac.uk\/lsss\/wp-content\/uploads\/sites\/35\/2016\/01\/20405411514_7262ce4f01_o-200x150.jpg 200w, https:\/\/blogs.napier.ac.uk\/lsss\/wp-content\/uploads\/sites\/35\/2016\/01\/20405411514_7262ce4f01_o-450x338.jpg 450w, https:\/\/blogs.napier.ac.uk\/lsss\/wp-content\/uploads\/sites\/35\/2016\/01\/20405411514_7262ce4f01_o-600x450.jpg 600w, https:\/\/blogs.napier.ac.uk\/lsss\/wp-content\/uploads\/sites\/35\/2016\/01\/20405411514_7262ce4f01_o-900x675.jpg 900w\" sizes=\"auto, (max-width: 300px) 100vw, 300px\" \/><\/a> <a href=\"http:\/\/blogs.napier.ac.uk\/lsss\/wp-content\/uploads\/sites\/35\/2016\/01\/20140522_190619.jpg\"><img loading=\"lazy\" decoding=\"async\" class=\"alignnone size-medium wp-image-16\" src=\"http:\/\/blogs.napier.ac.uk\/lsss\/wp-content\/uploads\/sites\/35\/2016\/01\/20140522_190619-300x225.jpg\" alt=\"20140522_190619\" width=\"300\" height=\"225\" srcset=\"https:\/\/blogs.napier.ac.uk\/lsss\/wp-content\/uploads\/sites\/35\/2016\/01\/20140522_190619-300x225.jpg 300w, https:\/\/blogs.napier.ac.uk\/lsss\/wp-content\/uploads\/sites\/35\/2016\/01\/20140522_190619-1024x768.jpg 1024w, https:\/\/blogs.napier.ac.uk\/lsss\/wp-content\/uploads\/sites\/35\/2016\/01\/20140522_190619-100x75.jpg 100w, https:\/\/blogs.napier.ac.uk\/lsss\/wp-content\/uploads\/sites\/35\/2016\/01\/20140522_190619-150x113.jpg 150w, https:\/\/blogs.napier.ac.uk\/lsss\/wp-content\/uploads\/sites\/35\/2016\/01\/20140522_190619-200x150.jpg 200w, https:\/\/blogs.napier.ac.uk\/lsss\/wp-content\/uploads\/sites\/35\/2016\/01\/20140522_190619-450x338.jpg 450w, https:\/\/blogs.napier.ac.uk\/lsss\/wp-content\/uploads\/sites\/35\/2016\/01\/20140522_190619-600x450.jpg 600w, https:\/\/blogs.napier.ac.uk\/lsss\/wp-content\/uploads\/sites\/35\/2016\/01\/20140522_190619-900x675.jpg 900w\" sizes=\"auto, (max-width: 300px) 100vw, 300px\" \/><\/a><\/p>\n","protected":false},"excerpt":{"rendered":"<div class=\"mh-excerpt\"><p>Academics and researchers from across the School are involved in lots of different public engagement activities. You might come across us at Edinburgh Skeptics, Edinburgh <a class=\"mh-excerpt-more\" href=\"https:\/\/blogs.napier.ac.uk\/lsss\/public-engagement\/\" title=\"Public Engagement\">[&#8230;]<\/a><\/p>\n<\/div>","protected":false},"author":97,"featured_media":0,"parent":0,"menu_order":0,"comment_status":"closed","ping_status":"closed","template":"","meta":{"_crdt_document":"","footnotes":""},"class_list":["post-14","page","type-page","status-publish","hentry"],"yoast_head":"<!-- This site is optimized with the Yoast SEO plugin v27.3 - https:\/\/yoast.com\/product\/yoast-seo-wordpress\/ -->\n<title>Public Engagement - School of Applied Sciences<\/title>\n<meta name=\"robots\" content=\"index, follow, max-snippet:-1, max-image-preview:large, max-video-preview:-1\" \/>\n<link rel=\"canonical\" href=\"https:\/\/blogs.napier.ac.uk\/lsss\/public-engagement\/\" \/>\n<meta property=\"og:locale\" content=\"en_GB\" \/>\n<meta property=\"og:type\" content=\"article\" \/>\n<meta property=\"og:title\" content=\"Public Engagement - School of Applied Sciences\" \/>\n<meta property=\"og:description\" content=\"Academics and researchers from across the School are involved in lots of different public engagement activities. You might come across us at Edinburgh Skeptics, Edinburgh [...]\" \/>\n<meta property=\"og:url\" content=\"https:\/\/blogs.napier.ac.uk\/lsss\/public-engagement\/\" \/>\n<meta property=\"og:site_name\" content=\"School of Applied Sciences\" \/>\n<meta property=\"article:modified_time\" content=\"2016-03-01T15:00:38+00:00\" \/>\n<meta property=\"og:image\" content=\"http:\/\/blogs.napier.ac.uk\/lsss\/wp-content\/uploads\/sites\/35\/2016\/01\/20140920_104559-300x225.jpg\" \/>\n<meta name=\"twitter:card\" content=\"summary_large_image\" \/>\n<meta name=\"twitter:label1\" content=\"Estimated reading time\" \/>\n\t<meta name=\"twitter:data1\" content=\"3 minutes\" \/>\n<script type=\"application\/ld+json\" class=\"yoast-schema-graph\">{\"@context\":\"https:\\\/\\\/schema.org\",\"@graph\":[{\"@type\":\"WebPage\",\"@id\":\"https:\\\/\\\/blogs.napier.ac.uk\\\/lsss\\\/public-engagement\\\/\",\"url\":\"https:\\\/\\\/blogs.napier.ac.uk\\\/lsss\\\/public-engagement\\\/\",\"name\":\"Public Engagement - School of Applied Sciences\",\"isPartOf\":{\"@id\":\"https:\\\/\\\/blogs.napier.ac.uk\\\/lsss\\\/#website\"},\"primaryImageOfPage\":{\"@id\":\"https:\\\/\\\/blogs.napier.ac.uk\\\/lsss\\\/public-engagement\\\/#primaryimage\"},\"image\":{\"@id\":\"https:\\\/\\\/blogs.napier.ac.uk\\\/lsss\\\/public-engagement\\\/#primaryimage\"},\"thumbnailUrl\":\"http:\\\/\\\/blogs.napier.ac.uk\\\/lsss\\\/wp-content\\\/uploads\\\/sites\\\/35\\\/2016\\\/01\\\/20140920_104559-300x225.jpg\",\"datePublished\":\"2016-01-21T13:31:13+00:00\",\"dateModified\":\"2016-03-01T15:00:38+00:00\",\"breadcrumb\":{\"@id\":\"https:\\\/\\\/blogs.napier.ac.uk\\\/lsss\\\/public-engagement\\\/#breadcrumb\"},\"inLanguage\":\"en-GB\",\"potentialAction\":[{\"@type\":\"ReadAction\",\"target\":[\"https:\\\/\\\/blogs.napier.ac.uk\\\/lsss\\\/public-engagement\\\/\"]}]},{\"@type\":\"ImageObject\",\"inLanguage\":\"en-GB\",\"@id\":\"https:\\\/\\\/blogs.napier.ac.uk\\\/lsss\\\/public-engagement\\\/#primaryimage\",\"url\":\"http:\\\/\\\/blogs.napier.ac.uk\\\/lsss\\\/wp-content\\\/uploads\\\/sites\\\/35\\\/2016\\\/01\\\/20140920_104559-300x225.jpg\",\"contentUrl\":\"http:\\\/\\\/blogs.napier.ac.uk\\\/lsss\\\/wp-content\\\/uploads\\\/sites\\\/35\\\/2016\\\/01\\\/20140920_104559-300x225.jpg\"},{\"@type\":\"BreadcrumbList\",\"@id\":\"https:\\\/\\\/blogs.napier.ac.uk\\\/lsss\\\/public-engagement\\\/#breadcrumb\",\"itemListElement\":[{\"@type\":\"ListItem\",\"position\":1,\"name\":\"Home\",\"item\":\"https:\\\/\\\/blogs.napier.ac.uk\\\/lsss\\\/\"},{\"@type\":\"ListItem\",\"position\":2,\"name\":\"Public Engagement\"}]},{\"@type\":\"WebSite\",\"@id\":\"https:\\\/\\\/blogs.napier.ac.uk\\\/lsss\\\/#website\",\"url\":\"https:\\\/\\\/blogs.napier.ac.uk\\\/lsss\\\/\",\"name\":\"School of Applied Sciences\",\"description\":\"An Edinburgh Napier University Blog\",\"potentialAction\":[{\"@type\":\"SearchAction\",\"target\":{\"@type\":\"EntryPoint\",\"urlTemplate\":\"https:\\\/\\\/blogs.napier.ac.uk\\\/lsss\\\/?s={search_term_string}\"},\"query-input\":{\"@type\":\"PropertyValueSpecification\",\"valueRequired\":true,\"valueName\":\"search_term_string\"}}],\"inLanguage\":\"en-GB\"}]}<\/script>\n<!-- \/ Yoast SEO plugin. -->","yoast_head_json":{"title":"Public Engagement - School of Applied Sciences","robots":{"index":"index","follow":"follow","max-snippet":"max-snippet:-1","max-image-preview":"max-image-preview:large","max-video-preview":"max-video-preview:-1"},"canonical":"https:\/\/blogs.napier.ac.uk\/lsss\/public-engagement\/","og_locale":"en_GB","og_type":"article","og_title":"Public Engagement - School of Applied Sciences","og_description":"Academics and researchers from across the School are involved in lots of different public engagement activities. You might come across us at Edinburgh Skeptics, Edinburgh [...]","og_url":"https:\/\/blogs.napier.ac.uk\/lsss\/public-engagement\/","og_site_name":"School of Applied Sciences","article_modified_time":"2016-03-01T15:00:38+00:00","og_image":[{"url":"http:\/\/blogs.napier.ac.uk\/lsss\/wp-content\/uploads\/sites\/35\/2016\/01\/20140920_104559-300x225.jpg","type":"","width":"","height":""}],"twitter_card":"summary_large_image","twitter_misc":{"Estimated reading time":"3 minutes"},"schema":{"@context":"https:\/\/schema.org","@graph":[{"@type":"WebPage","@id":"https:\/\/blogs.napier.ac.uk\/lsss\/public-engagement\/","url":"https:\/\/blogs.napier.ac.uk\/lsss\/public-engagement\/","name":"Public Engagement - School of Applied Sciences","isPartOf":{"@id":"https:\/\/blogs.napier.ac.uk\/lsss\/#website"},"primaryImageOfPage":{"@id":"https:\/\/blogs.napier.ac.uk\/lsss\/public-engagement\/#primaryimage"},"image":{"@id":"https:\/\/blogs.napier.ac.uk\/lsss\/public-engagement\/#primaryimage"},"thumbnailUrl":"http:\/\/blogs.napier.ac.uk\/lsss\/wp-content\/uploads\/sites\/35\/2016\/01\/20140920_104559-300x225.jpg","datePublished":"2016-01-21T13:31:13+00:00","dateModified":"2016-03-01T15:00:38+00:00","breadcrumb":{"@id":"https:\/\/blogs.napier.ac.uk\/lsss\/public-engagement\/#breadcrumb"},"inLanguage":"en-GB","potentialAction":[{"@type":"ReadAction","target":["https:\/\/blogs.napier.ac.uk\/lsss\/public-engagement\/"]}]},{"@type":"ImageObject","inLanguage":"en-GB","@id":"https:\/\/blogs.napier.ac.uk\/lsss\/public-engagement\/#primaryimage","url":"http:\/\/blogs.napier.ac.uk\/lsss\/wp-content\/uploads\/sites\/35\/2016\/01\/20140920_104559-300x225.jpg","contentUrl":"http:\/\/blogs.napier.ac.uk\/lsss\/wp-content\/uploads\/sites\/35\/2016\/01\/20140920_104559-300x225.jpg"},{"@type":"BreadcrumbList","@id":"https:\/\/blogs.napier.ac.uk\/lsss\/public-engagement\/#breadcrumb","itemListElement":[{"@type":"ListItem","position":1,"name":"Home","item":"https:\/\/blogs.napier.ac.uk\/lsss\/"},{"@type":"ListItem","position":2,"name":"Public Engagement"}]},{"@type":"WebSite","@id":"https:\/\/blogs.napier.ac.uk\/lsss\/#website","url":"https:\/\/blogs.napier.ac.uk\/lsss\/","name":"School of Applied Sciences","description":"An Edinburgh Napier University Blog","potentialAction":[{"@type":"SearchAction","target":{"@type":"EntryPoint","urlTemplate":"https:\/\/blogs.napier.ac.uk\/lsss\/?s={search_term_string}"},"query-input":{"@type":"PropertyValueSpecification","valueRequired":true,"valueName":"search_term_string"}}],"inLanguage":"en-GB"}]}},"_links":{"self":[{"href":"https:\/\/blogs.napier.ac.uk\/lsss\/wp-json\/wp\/v2\/pages\/14","targetHints":{"allow":["GET"]}}],"collection":[{"href":"https:\/\/blogs.napier.ac.uk\/lsss\/wp-json\/wp\/v2\/pages"}],"about":[{"href":"https:\/\/blogs.napier.ac.uk\/lsss\/wp-json\/wp\/v2\/types\/page"}],"author":[{"embeddable":true,"href":"https:\/\/blogs.napier.ac.uk\/lsss\/wp-json\/wp\/v2\/users\/97"}],"replies":[{"embeddable":true,"href":"https:\/\/blogs.napier.ac.uk\/lsss\/wp-json\/wp\/v2\/comments?post=14"}],"version-history":[{"count":5,"href":"https:\/\/blogs.napier.ac.uk\/lsss\/wp-json\/wp\/v2\/pages\/14\/revisions"}],"predecessor-version":[{"id":43,"href":"https:\/\/blogs.napier.ac.uk\/lsss\/wp-json\/wp\/v2\/pages\/14\/revisions\/43"}],"wp:attachment":[{"href":"https:\/\/blogs.napier.ac.uk\/lsss\/wp-json\/wp\/v2\/media?parent=14"}],"curies":[{"name":"wp","href":"https:\/\/api.w.org\/{rel}","templated":true}]}}