{"id":33,"date":"2024-06-11T11:47:04","date_gmt":"2024-06-11T10:47:04","guid":{"rendered":"https:\/\/blogs.napier.ac.uk\/ukmsctn\/?page_id=33"},"modified":"2025-07-07T15:42:52","modified_gmt":"2025-07-07T14:42:52","slug":"meetings","status":"publish","type":"page","link":"https:\/\/blogs.napier.ac.uk\/ukmsctn\/meetings\/","title":{"rendered":"Meetings"},"content":{"rendered":"\n<div class=\"wp-block-group alignfull has-global-padding is-content-justification-center is-layout-constrained wp-container-core-group-is-layout-0200ffa4 wp-block-group-is-layout-constrained\" style=\"padding-top:var(--wp--preset--spacing--10);padding-right:var(--wp--preset--spacing--40);padding-bottom:var(--wp--preset--spacing--10);padding-left:var(--wp--preset--spacing--40)\">\n<p class=\"wp-block-paragraph\">A core activity of the UK Mathematical Systems and Control Theory Network is to host meetings, to allow people working in the area to meet, get to one another and network, and share ideas through presentations.<\/p>\n\n\n\n<p class=\"wp-block-paragraph\">The network has funding to support two meetings, the first in 2024 and the second in 2025. Information about the meetings is available here.<\/p>\n\n\n\n<figure class=\"wp-block-image aligncenter size-full is-resized\"><img loading=\"lazy\" decoding=\"async\" width=\"1280\" height=\"1024\" src=\"https:\/\/blogs.napier.ac.uk\/ukmsctn\/wp-content\/uploads\/sites\/172\/2024\/10\/meetings_1.jpg\" alt=\"\" class=\"wp-image-173\" style=\"width:465px;height:auto\" \/><figcaption class=\"wp-element-caption\">Credit: Edinburgh Napier University<\/figcaption><\/figure>\n\n\n\n<div id=\"ez-toc-container\" class=\"ez-toc-v2_0_82_2 counter-hierarchy ez-toc-counter ez-toc-grey ez-toc-container-direction\">\n<div class=\"ez-toc-title-container\">\n<p class=\"ez-toc-title\" style=\"cursor:inherit\">Table of Contents<\/p>\n<span class=\"ez-toc-title-toggle\"><a href=\"#\" class=\"ez-toc-pull-right ez-toc-btn ez-toc-btn-xs ez-toc-btn-default ez-toc-toggle\" aria-label=\"Toggle Table of Content\"><span class=\"ez-toc-js-icon-con\"><span class=\"\"><span class=\"eztoc-hide\" style=\"display:none;\">Toggle<\/span><span class=\"ez-toc-icon-toggle-span\"><svg style=\"fill: #999;color:#999\" xmlns=\"http:\/\/www.w3.org\/2000\/svg\" class=\"list-377408\" width=\"20px\" height=\"20px\" viewBox=\"0 0 24 24\" fill=\"none\"><path d=\"M6 6H4v2h2V6zm14 0H8v2h12V6zM4 11h2v2H4v-2zm16 0H8v2h12v-2zM4 16h2v2H4v-2zm16 0H8v2h12v-2z\" fill=\"currentColor\"><\/path><\/svg><svg style=\"fill: #999;color:#999\" class=\"arrow-unsorted-368013\" xmlns=\"http:\/\/www.w3.org\/2000\/svg\" width=\"10px\" height=\"10px\" viewBox=\"0 0 24 24\" version=\"1.2\" baseProfile=\"tiny\"><path d=\"M18.2 9.3l-6.2-6.3-6.2 6.3c-.2.2-.3.4-.3.7s.1.5.3.7c.2.2.4.3.7.3h11c.3 0 .5-.1.7-.3.2-.2.3-.5.3-.7s-.1-.5-.3-.7zM5.8 14.7l6.2 6.3 6.2-6.3c.2-.2.3-.5.3-.7s-.1-.5-.3-.7c-.2-.2-.4-.3-.7-.3h-11c-.3 0-.5.1-.7.3-.2.2-.3.5-.3.7s.1.5.3.7z\"\/><\/svg><\/span><\/span><\/span><\/a><\/span><\/div>\n<nav><ul class='ez-toc-list ez-toc-list-level-1 ' ><li class='ez-toc-page-1 ez-toc-heading-level-2'><a class=\"ez-toc-link ez-toc-heading-1\" href=\"https:\/\/blogs.napier.ac.uk\/ukmsctn\/meetings\/#Second_meeting\" >Second meeting<\/a><ul class='ez-toc-list-level-3' ><li class='ez-toc-heading-level-3'><a class=\"ez-toc-link ez-toc-heading-2\" href=\"https:\/\/blogs.napier.ac.uk\/ukmsctn\/meetings\/#Key_information\" >Key information:<\/a><\/li><\/ul><\/li><li class='ez-toc-page-1 ez-toc-heading-level-2'><a class=\"ez-toc-link ez-toc-heading-3\" href=\"https:\/\/blogs.napier.ac.uk\/ukmsctn\/meetings\/#First_meeting\" >First meeting<\/a><ul class='ez-toc-list-level-3' ><li class='ez-toc-heading-level-3'><a class=\"ez-toc-link ez-toc-heading-4\" href=\"https:\/\/blogs.napier.ac.uk\/ukmsctn\/meetings\/#Key_information-2\" >Key information:<\/a><\/li><\/ul><\/li><li class='ez-toc-page-1 ez-toc-heading-level-2'><a class=\"ez-toc-link ez-toc-heading-5\" href=\"https:\/\/blogs.napier.ac.uk\/ukmsctn\/meetings\/#Second_meeting-2\" >Second meeting<\/a><\/li><\/ul><\/nav><\/div>\n<h2 class=\"wp-block-heading\" id=\"first-meeting\"><span class=\"ez-toc-section\" id=\"Second_meeting\"><\/span>Second meeting<span class=\"ez-toc-section-end\"><\/span><\/h2>\n\n\n\n<p class=\"wp-block-paragraph\">This event is being held on the 7th-9th of July 2025 at Edinburgh Napier University, with three plenary speakers:<\/p>\n\n\n\n<div class=\"wp-block-group has-global-padding is-layout-constrained wp-container-core-group-is-layout-2bf980eb wp-block-group-is-layout-constrained\">\n<ul class=\"wp-block-list\">\n<li>Prof. Delphine Bresch-Pietri (MINES ParisTech)<\/li>\n\n\n\n<li>Prof. Fritz Colonius (University of Augsburg)<\/li>\n\n\n\n<li>Prof. Ioannis Lestas (University of Cambridge)<\/li>\n<\/ul>\n<\/div>\n\n\n\n<p class=\"wp-block-paragraph\">and a further c.18 UK- and internationally-based speakers.<\/p>\n\n\n\n<h3 class=\"wp-block-heading\"><span class=\"ez-toc-section\" id=\"Key_information\"><\/span>Key information:<span class=\"ez-toc-section-end\"><\/span><\/h3>\n\n\n\n<p class=\"wp-block-paragraph\">The event is held between the Craiglockhart campus, with travel information <a href=\"https:\/\/www.napier.ac.uk\/about-us\/our-location\/our-campuses\/craiglockhart\">here<\/a>, and the Merchiston campus, with travel information <a href=\"https:\/\/www.napier.ac.uk\/about-us\/our-location\/our-campuses\/merchiston\">here<\/a>.<\/p>\n\n\n\n<p class=\"wp-block-paragraph\">The abstracts and programme as MS Word files are below:<\/p>\n\n\n\n<div data-wp-interactive=\"core\/file\" class=\"wp-block-file\"><object data-wp-bind--hidden=\"!state.hasPdfPreview\" hidden class=\"wp-block-file__embed\" data=\"https:\/\/blogs.napier.ac.uk\/ukmsctn\/wp-content\/uploads\/sites\/172\/2025\/07\/July_2025_workshop_discussion.pdf\" type=\"application\/pdf\" style=\"width:100%;height:600px\" aria-label=\"Embed of July_2025_workshop_discussion.\"><\/object><a id=\"wp-block-file--media-aea0d6c9-3642-4982-b620-247b8d075eef\" href=\"https:\/\/blogs.napier.ac.uk\/ukmsctn\/wp-content\/uploads\/sites\/172\/2025\/07\/July_2025_workshop_discussion.pdf\">July_2025_workshop_discussion<\/a><a href=\"https:\/\/blogs.napier.ac.uk\/ukmsctn\/wp-content\/uploads\/sites\/172\/2025\/07\/July_2025_workshop_discussion.pdf\" class=\"wp-block-file__button wp-element-button\" download aria-describedby=\"wp-block-file--media-aea0d6c9-3642-4982-b620-247b8d075eef\">Download<\/a><\/div>\n\n\n\n<div class=\"wp-block-file\"><a id=\"wp-block-file--media-57a94add-d2e3-4006-8816-329208cac972\" href=\"https:\/\/blogs.napier.ac.uk\/ukmsctn\/wp-content\/uploads\/sites\/172\/2025\/07\/UKMSCTN_second_meeting_titles_abstracts-2.docx\">UKMSCTN_second_meeting_titles_abstracts<\/a><a href=\"https:\/\/blogs.napier.ac.uk\/ukmsctn\/wp-content\/uploads\/sites\/172\/2025\/07\/UKMSCTN_second_meeting_titles_abstracts-2.docx\" class=\"wp-block-file__button wp-element-button\" download aria-describedby=\"wp-block-file--media-57a94add-d2e3-4006-8816-329208cac972\">Download<\/a><\/div>\n\n\n\n<div class=\"wp-block-file\"><a id=\"wp-block-file--media-7d5dced2-43e0-4fa4-ad03-c0003a04b167\" href=\"https:\/\/blogs.napier.ac.uk\/ukmsctn\/wp-content\/uploads\/sites\/172\/2025\/06\/UKMSCTN_second_meeting_schedule.docx\">UKMSCTN_second_meeting_schedule<\/a><a href=\"https:\/\/blogs.napier.ac.uk\/ukmsctn\/wp-content\/uploads\/sites\/172\/2025\/06\/UKMSCTN_second_meeting_schedule.docx\" class=\"wp-block-file__button wp-element-button\" download aria-describedby=\"wp-block-file--media-7d5dced2-43e0-4fa4-ad03-c0003a04b167\">Download<\/a><\/div>\n\n\n\n<h2 class=\"wp-block-heading\" id=\"first-meeting\"><span class=\"ez-toc-section\" id=\"First_meeting\"><\/span>First meeting <span class=\"ez-toc-section-end\"><\/span><\/h2>\n\n\n\n<p class=\"wp-block-paragraph\"><\/p>\n\n\n\n<p class=\"wp-block-paragraph\">This event is being held on the 2nd-3rd of September 2024 at the University of Warwick. Confirmed speakers:<\/p>\n\n\n\n<div class=\"wp-block-group has-global-padding is-layout-constrained wp-container-core-group-is-layout-2bf980eb wp-block-group-is-layout-constrained\">\n<ul class=\"wp-block-list\">\n<li>Prof. Eric Rogers (University of Southampton)<\/li>\n\n\n\n<li>Dr Alice Thompson (University of Manchester)<\/li>\n\n\n\n<li>Dr Mark Opmeer (University of Bath)<\/li>\n\n\n\n<li>Dr Randa Herzallah (University of Warwick)<\/li>\n\n\n\n<li>Prof Mike Chappell (University of Warwick)<\/li>\n\n\n\n<li>Dr Dante Kalise (Imperial College)<\/li>\n\n\n\n<li>Dr Max Jensen (University College London)<\/li>\n\n\n\n<li>Dr Luke Davis (Isaac Newton Institute, University of Cambridge)<\/li>\n\n\n\n<li>Dr Chris Guiver (Edinburgh Napier University)<\/li>\n\n\n\n<li>Dr Susana Gomes (University of Warwick)<\/li>\n\n\n\n<li>Dr Boumediene Hamzi (Imperial College)<\/li>\n\n\n\n<li>Dr Ross Drummond (University of Sheffield)<\/li>\n\n\n\n<li>Dr Michael Craig (Carbon Re)<\/li>\n<\/ul>\n<\/div>\n\n\n\n<h3 class=\"wp-block-heading\" id=\"key-information\"><span class=\"ez-toc-section\" id=\"Key_information-2\"><\/span>Key information:<span class=\"ez-toc-section-end\"><\/span><\/h3>\n\n\n\n<p class=\"wp-block-paragraph\">Information on how to get to University of Warwick may be found <a href=\"https:\/\/warwick.ac.uk\/about\/campus-journey\/mode-of-travel\">here<\/a>. Specific information on car parking is linked <a href=\"https:\/\/warwick.ac.uk\/about\/campus-journey\/car-parking\/general_parking\/\">here<\/a>.<\/p>\n\n\n\n<p class=\"wp-block-paragraph\"><strong>All talks take place in MS.03 in the Zeeman building<\/strong> (not&nbsp;the Mathematical Sciences building). &nbsp;If you enter the Zeeman building through the main door, by the lake, the room is immediately upstairs and there will be signs.<\/p>\n\n\n\n<ul class=\"wp-block-list\">\n<li>Breakfast is included if you are staying on Warwick accommodation. If you need alternative breakfast places, there is a Pret a Manger and a Caf\u00e9 Nero on campus, and some of the university catered places (e.g. Library Caf\u00e9, NAIC Caf\u00e9) serve breakfast too.<\/li>\n\n\n\n<li>Dinner on Sunday and Monday: There are some options on campus for dinner, including&nbsp;<a href=\"https:\/\/www.benugo.com\/sites\/restaurants\/benugo-bar-kitchen-at-warwick-arts-centre\/\" target=\"_blank\" rel=\"noreferrer noopener\">Benugo<\/a>&nbsp;in the Arts Center,&nbsp;<a href=\"https:\/\/www.greatukpubs.co.uk\/varsity-warwick-uni-coventry\" target=\"_blank\" rel=\"noreferrer noopener\">Varsity<\/a>&nbsp;pub, the&nbsp;<a href=\"https:\/\/www.warwicksu.com\/thedirtyduck\/\" target=\"_blank\" rel=\"noreferrer noopener\">Dirty Duck<\/a>&nbsp;pub. The conference centres Scarman and Radcliffe also serve food on their bars (see menu&nbsp;<a href=\"https:\/\/warwick.ac.uk\/services\/conferences\/bar_menu.pdf\">here<\/a>). They also have a different restaurant serving three-course meals but these are more expensive.<\/li>\n\n\n\n<li>Alternatives for dinner: There are lots of nice places to eat either in Coventry city Center or Kenilworth, both of which are easily reached with bus number 11.<\/li>\n<\/ul>\n\n\n\n<p class=\"wp-block-paragraph\"><strong>Lunch, reception and coffee breaks<\/strong> will be in the <strong>Zeeman Common Room<\/strong> which is easily accessible from the talks<\/p>\n\n\n\n<p class=\"wp-block-paragraph\">The abstracts and programme as MS Word files are below:<\/p>\n\n\n\n<div class=\"wp-block-file\"><a id=\"wp-block-file--media-e1ca4c08-3ced-4920-ba67-6cfb5ae29140\" href=\"https:\/\/blogs.napier.ac.uk\/ukmsctn\/wp-content\/uploads\/sites\/172\/2024\/09\/UKMSCT_abstracts_Warwick_2024.docx\">UKMSCT_abstracts_Warwick_2024<\/a><a href=\"https:\/\/blogs.napier.ac.uk\/ukmsctn\/wp-content\/uploads\/sites\/172\/2024\/09\/UKMSCT_abstracts_Warwick_2024.docx\" class=\"wp-block-file__button wp-element-button\" download aria-describedby=\"wp-block-file--media-e1ca4c08-3ced-4920-ba67-6cfb5ae29140\">Download<\/a><\/div>\n\n\n\n<div class=\"wp-block-file\"><a id=\"wp-block-file--media-bb87e002-1a95-44a1-9338-e69ef41c9a54\" href=\"https:\/\/blogs.napier.ac.uk\/ukmsctn\/wp-content\/uploads\/sites\/172\/2024\/09\/UKMSCTN_schedule.docx\">UKMSCTN_schedule<\/a><a href=\"https:\/\/blogs.napier.ac.uk\/ukmsctn\/wp-content\/uploads\/sites\/172\/2024\/09\/UKMSCTN_schedule.docx\" class=\"wp-block-file__button wp-element-button\" download aria-describedby=\"wp-block-file--media-bb87e002-1a95-44a1-9338-e69ef41c9a54\">Download<\/a><\/div>\n\n\n\n<p class=\"wp-block-paragraph\">The programme is as follows (titles received so far):<\/p>\n\n\n\n<p class=\"wp-block-paragraph\"><strong>Day 1<\/strong><\/p>\n\n\n\n<figure class=\"wp-block-table\"><table class=\"has-fixed-layout\"><tbody><tr><td><strong>Time<\/strong><\/td><td><strong>Activity<\/strong><\/td><td><strong>Title\/notes<\/strong>                        <\/td><\/tr><tr><td>8:45am &#8211; 9:15am<\/td><td>Arrival<\/td><td><\/td><\/tr><tr><td>9:15am &#8211; 9:30am &nbsp;<\/td><td>Welcome and about the network<\/td><td><\/td><\/tr><tr><td>9:30am \u2013 10:35am<\/td><td>Plenary presentation Eric Rogers<\/td><td>Control and Systems Theory &#8212; Mathematics into Engineering or Engineering into Mathematics?<\/td><\/tr><tr><td>10:35am \u2013 11:05am<\/td><td>Coffee<\/td><td>&nbsp;<\/td><\/tr><tr><td>11:05am \u2013 12:50pm<\/td><td><strong>Presentations 1<\/strong> &nbsp; <br><br>Luke Davis <br><br><br><br>Alice Thomspon <br><br><br><br>Susana Gomes &nbsp;<\/td><td>All talks are 35 mins = 30 talk + 5 questions &nbsp; <br><br>Controlling discrete and continuous state non-equilibrium systems &nbsp; &nbsp; &nbsp;<br><br>Control-based continuation for deformable bubbles<br><br>Active control of falling liquid films using a hierarchical model approach<\/td><\/tr><tr><td>12:50pm \u2013 2pm<\/td><td>Lunch<\/td><td>&nbsp;<\/td><\/tr><tr><td>2pm \u2013 3:45pm<\/td><td><strong>Presentations 2<\/strong> &nbsp; <br><br>Boumediene Hamzi <br><br><br><br>Mike Chappell <br><br><br><br>Randa Herzallah &nbsp;<\/td><td><br><br><br><br><br><br><br><br><br><br>Structural Identifiability Analysis: An Important Tool for Systems Modelling and Control<br><br>Innovations<br>in Fully Probabilistic Control and Decentralization<br><br> &nbsp;<\/td><\/tr><tr><td>3:45pm \u2013 4:15pm<\/td><td>Coffee<\/td><td><\/td><\/tr><tr><td>4:15pm \u2013 5:30pm<\/td><td>Introductions and Roundtable discussions 1<\/td><td>&nbsp;Assessing the current state of the discipline<\/td><\/tr><\/tbody><\/table><\/figure>\n\n\n\n<p class=\"wp-block-paragraph\"><strong>Day 2<\/strong><\/p>\n\n\n\n<figure class=\"wp-block-table\"><table class=\"has-fixed-layout\"><tbody><tr><td><strong>Time<\/strong><\/td><td><strong>Activity<\/strong><\/td><td><strong>Title\/notes<\/strong><\/td><\/tr><tr><td>09:00am \u2013 10:45am &nbsp;<\/td><td><strong>Presentations 3<\/strong> &nbsp;<br><br>Max Jensen <br><br><br><br><br><br><br><br>Mark Opmeer <br><br><br>Dante Kalise<\/td><td><br><br><br>Finite Element Approximation of Hamilton-Jacobi-Bellman<br>equations with nonlinear mixed boundary conditions<br><br><br><br>Linear Quadratic Optimal Control &nbsp; <br><br>Optimal actuator design: from topology optimization to neural surrogate<\/td><\/tr><tr><td>10:45am \u2013 11:15am<\/td><td>Coffee<\/td><td>30 mins<\/td><\/tr><tr><td>11:15am \u2013 1pm<\/td><td><strong>Presentations 4<\/strong> &nbsp; <br><br>Michael Craig <br><br><br><br>Ross Drummond &nbsp; <br><br><br><br><br>Chris Guiver &nbsp; &nbsp; &nbsp;<\/td><td><br>Controlling combustion in cement plants &nbsp;<br><br><br>Robustifying neural networks: A control theory approach &nbsp;<br><br>Passivity theorems for forced Lur&#8217;e inclusions and equations<\/td><\/tr><tr><td>1pm -2pm<\/td><td>Lunch<\/td><td>&nbsp;<\/td><\/tr><tr><td>2pm-3pm<\/td><td>Roundtable discussions 2<\/td><td>Purpose and future directions of the network<\/td><\/tr><tr><td>3pm<\/td><td>Depart<\/td><td><\/td><\/tr><\/tbody><\/table><\/figure>\n\n\n\n<h2 class=\"wp-block-heading\" id=\"second-meeting\"><span class=\"ez-toc-section\" id=\"Second_meeting-2\"><\/span>Second meeting<span class=\"ez-toc-section-end\"><\/span><\/h2>\n\n\n\n<p class=\"wp-block-paragraph\">The second meeting will take place in the summer of 2025 in Edinburgh. It is currently being organised. Please feel free to get in contact with the organisers to express your interest in attending or presenting at this event. <\/p>\n<\/div>\n","protected":false},"excerpt":{"rendered":"<p>A core activity of the UK Mathematical Systems and Control Theory Network is to host meetings, to allow people working in the area to meet, get to one another and network, and share ideas through presentations. The network has funding to support two meetings, the first in 2024 and the second in 2025. Information about [&hellip;]<\/p>\n","protected":false},"author":447,"featured_media":0,"parent":0,"menu_order":0,"comment_status":"closed","ping_status":"closed","template":"","meta":{"_crdt_document":"","footnotes":""},"class_list":["post-33","page","type-page","status-publish","hentry"],"yoast_head":"<!-- This site is optimized with the Yoast SEO plugin v27.3 - https:\/\/yoast.com\/product\/yoast-seo-wordpress\/ -->\n<title>Meetings - UK Mathematical Systems and Control Theory Network<\/title>\n<meta name=\"description\" content=\"This page contains information on meetings (workshops) to be organised by the UK Mathematical Systems and Control Theory Network.\" \/>\n<meta name=\"robots\" content=\"index, follow, max-snippet:-1, max-image-preview:large, max-video-preview:-1\" \/>\n<link rel=\"canonical\" href=\"https:\/\/blogs.napier.ac.uk\/ukmsctn\/meetings\/\" \/>\n<meta property=\"og:locale\" content=\"en_GB\" \/>\n<meta property=\"og:type\" content=\"article\" \/>\n<meta property=\"og:title\" content=\"Meetings - UK Mathematical Systems and Control Theory Network\" \/>\n<meta property=\"og:description\" content=\"This page contains information on meetings (workshops) to be organised by the UK Mathematical Systems and Control Theory Network.\" \/>\n<meta property=\"og:url\" content=\"https:\/\/blogs.napier.ac.uk\/ukmsctn\/meetings\/\" \/>\n<meta property=\"og:site_name\" content=\"UK Mathematical Systems and Control Theory Network\" \/>\n<meta property=\"article:modified_time\" content=\"2025-07-07T14:42:52+00:00\" \/>\n<meta property=\"og:image\" content=\"https:\/\/blogs.napier.ac.uk\/ukmsctn\/wp-content\/uploads\/sites\/172\/2024\/10\/meetings_1.jpg\" \/>\n\t<meta property=\"og:image:width\" content=\"1280\" \/>\n\t<meta property=\"og:image:height\" content=\"1024\" \/>\n\t<meta property=\"og:image:type\" content=\"image\/jpeg\" \/>\n<meta name=\"twitter:card\" content=\"summary_large_image\" \/>\n<meta name=\"twitter:label1\" content=\"Estimated reading time\" \/>\n\t<meta name=\"twitter:data1\" content=\"4 minutes\" \/>\n<script type=\"application\/ld+json\" class=\"yoast-schema-graph\">{\"@context\":\"https:\\\/\\\/schema.org\",\"@graph\":[{\"@type\":\"WebPage\",\"@id\":\"https:\\\/\\\/blogs.napier.ac.uk\\\/ukmsctn\\\/meetings\\\/\",\"url\":\"https:\\\/\\\/blogs.napier.ac.uk\\\/ukmsctn\\\/meetings\\\/\",\"name\":\"Meetings - UK Mathematical Systems and Control Theory Network\",\"isPartOf\":{\"@id\":\"https:\\\/\\\/blogs.napier.ac.uk\\\/ukmsctn\\\/#website\"},\"primaryImageOfPage\":{\"@id\":\"https:\\\/\\\/blogs.napier.ac.uk\\\/ukmsctn\\\/meetings\\\/#primaryimage\"},\"image\":{\"@id\":\"https:\\\/\\\/blogs.napier.ac.uk\\\/ukmsctn\\\/meetings\\\/#primaryimage\"},\"thumbnailUrl\":\"https:\\\/\\\/blogs.napier.ac.uk\\\/ukmsctn\\\/wp-content\\\/uploads\\\/sites\\\/172\\\/2024\\\/10\\\/meetings_1.jpg\",\"datePublished\":\"2024-06-11T10:47:04+00:00\",\"dateModified\":\"2025-07-07T14:42:52+00:00\",\"description\":\"This page contains information on meetings (workshops) to be organised by the UK Mathematical Systems and Control Theory Network.\",\"breadcrumb\":{\"@id\":\"https:\\\/\\\/blogs.napier.ac.uk\\\/ukmsctn\\\/meetings\\\/#breadcrumb\"},\"inLanguage\":\"en-GB\",\"potentialAction\":[{\"@type\":\"ReadAction\",\"target\":[\"https:\\\/\\\/blogs.napier.ac.uk\\\/ukmsctn\\\/meetings\\\/\"]}]},{\"@type\":\"ImageObject\",\"inLanguage\":\"en-GB\",\"@id\":\"https:\\\/\\\/blogs.napier.ac.uk\\\/ukmsctn\\\/meetings\\\/#primaryimage\",\"url\":\"https:\\\/\\\/blogs.napier.ac.uk\\\/ukmsctn\\\/wp-content\\\/uploads\\\/sites\\\/172\\\/2024\\\/10\\\/meetings_1.jpg\",\"contentUrl\":\"https:\\\/\\\/blogs.napier.ac.uk\\\/ukmsctn\\\/wp-content\\\/uploads\\\/sites\\\/172\\\/2024\\\/10\\\/meetings_1.jpg\",\"width\":1280,\"height\":1024,\"caption\":\"Open Day 17 September 2022\"},{\"@type\":\"BreadcrumbList\",\"@id\":\"https:\\\/\\\/blogs.napier.ac.uk\\\/ukmsctn\\\/meetings\\\/#breadcrumb\",\"itemListElement\":[{\"@type\":\"ListItem\",\"position\":1,\"name\":\"Home\",\"item\":\"https:\\\/\\\/blogs.napier.ac.uk\\\/ukmsctn\\\/\"},{\"@type\":\"ListItem\",\"position\":2,\"name\":\"Meetings\"}]},{\"@type\":\"WebSite\",\"@id\":\"https:\\\/\\\/blogs.napier.ac.uk\\\/ukmsctn\\\/#website\",\"url\":\"https:\\\/\\\/blogs.napier.ac.uk\\\/ukmsctn\\\/\",\"name\":\"UK Mathematical Systems and Control Theory Network\",\"description\":\"\",\"potentialAction\":[{\"@type\":\"SearchAction\",\"target\":{\"@type\":\"EntryPoint\",\"urlTemplate\":\"https:\\\/\\\/blogs.napier.ac.uk\\\/ukmsctn\\\/?s={search_term_string}\"},\"query-input\":{\"@type\":\"PropertyValueSpecification\",\"valueRequired\":true,\"valueName\":\"search_term_string\"}}],\"inLanguage\":\"en-GB\"}]}<\/script>\n<!-- \/ Yoast SEO plugin. -->","yoast_head_json":{"title":"Meetings - UK Mathematical Systems and Control Theory Network","description":"This page contains information on meetings (workshops) to be organised by the UK Mathematical Systems and Control Theory Network.","robots":{"index":"index","follow":"follow","max-snippet":"max-snippet:-1","max-image-preview":"max-image-preview:large","max-video-preview":"max-video-preview:-1"},"canonical":"https:\/\/blogs.napier.ac.uk\/ukmsctn\/meetings\/","og_locale":"en_GB","og_type":"article","og_title":"Meetings - UK Mathematical Systems and Control Theory Network","og_description":"This page contains information on meetings (workshops) to be organised by the UK Mathematical Systems and Control Theory Network.","og_url":"https:\/\/blogs.napier.ac.uk\/ukmsctn\/meetings\/","og_site_name":"UK Mathematical Systems and Control Theory Network","article_modified_time":"2025-07-07T14:42:52+00:00","og_image":[{"width":1280,"height":1024,"url":"https:\/\/blogs.napier.ac.uk\/ukmsctn\/wp-content\/uploads\/sites\/172\/2024\/10\/meetings_1.jpg","type":"image\/jpeg"}],"twitter_card":"summary_large_image","twitter_misc":{"Estimated reading time":"4 minutes"},"schema":{"@context":"https:\/\/schema.org","@graph":[{"@type":"WebPage","@id":"https:\/\/blogs.napier.ac.uk\/ukmsctn\/meetings\/","url":"https:\/\/blogs.napier.ac.uk\/ukmsctn\/meetings\/","name":"Meetings - UK Mathematical Systems and Control Theory Network","isPartOf":{"@id":"https:\/\/blogs.napier.ac.uk\/ukmsctn\/#website"},"primaryImageOfPage":{"@id":"https:\/\/blogs.napier.ac.uk\/ukmsctn\/meetings\/#primaryimage"},"image":{"@id":"https:\/\/blogs.napier.ac.uk\/ukmsctn\/meetings\/#primaryimage"},"thumbnailUrl":"https:\/\/blogs.napier.ac.uk\/ukmsctn\/wp-content\/uploads\/sites\/172\/2024\/10\/meetings_1.jpg","datePublished":"2024-06-11T10:47:04+00:00","dateModified":"2025-07-07T14:42:52+00:00","description":"This page contains information on meetings (workshops) to be organised by the UK Mathematical Systems and Control Theory Network.","breadcrumb":{"@id":"https:\/\/blogs.napier.ac.uk\/ukmsctn\/meetings\/#breadcrumb"},"inLanguage":"en-GB","potentialAction":[{"@type":"ReadAction","target":["https:\/\/blogs.napier.ac.uk\/ukmsctn\/meetings\/"]}]},{"@type":"ImageObject","inLanguage":"en-GB","@id":"https:\/\/blogs.napier.ac.uk\/ukmsctn\/meetings\/#primaryimage","url":"https:\/\/blogs.napier.ac.uk\/ukmsctn\/wp-content\/uploads\/sites\/172\/2024\/10\/meetings_1.jpg","contentUrl":"https:\/\/blogs.napier.ac.uk\/ukmsctn\/wp-content\/uploads\/sites\/172\/2024\/10\/meetings_1.jpg","width":1280,"height":1024,"caption":"Open Day 17 September 2022"},{"@type":"BreadcrumbList","@id":"https:\/\/blogs.napier.ac.uk\/ukmsctn\/meetings\/#breadcrumb","itemListElement":[{"@type":"ListItem","position":1,"name":"Home","item":"https:\/\/blogs.napier.ac.uk\/ukmsctn\/"},{"@type":"ListItem","position":2,"name":"Meetings"}]},{"@type":"WebSite","@id":"https:\/\/blogs.napier.ac.uk\/ukmsctn\/#website","url":"https:\/\/blogs.napier.ac.uk\/ukmsctn\/","name":"UK Mathematical Systems and Control Theory Network","description":"","potentialAction":[{"@type":"SearchAction","target":{"@type":"EntryPoint","urlTemplate":"https:\/\/blogs.napier.ac.uk\/ukmsctn\/?s={search_term_string}"},"query-input":{"@type":"PropertyValueSpecification","valueRequired":true,"valueName":"search_term_string"}}],"inLanguage":"en-GB"}]}},"jetpack_sharing_enabled":true,"_links":{"self":[{"href":"https:\/\/blogs.napier.ac.uk\/ukmsctn\/wp-json\/wp\/v2\/pages\/33","targetHints":{"allow":["GET"]}}],"collection":[{"href":"https:\/\/blogs.napier.ac.uk\/ukmsctn\/wp-json\/wp\/v2\/pages"}],"about":[{"href":"https:\/\/blogs.napier.ac.uk\/ukmsctn\/wp-json\/wp\/v2\/types\/page"}],"author":[{"embeddable":true,"href":"https:\/\/blogs.napier.ac.uk\/ukmsctn\/wp-json\/wp\/v2\/users\/447"}],"replies":[{"embeddable":true,"href":"https:\/\/blogs.napier.ac.uk\/ukmsctn\/wp-json\/wp\/v2\/comments?post=33"}],"version-history":[{"count":40,"href":"https:\/\/blogs.napier.ac.uk\/ukmsctn\/wp-json\/wp\/v2\/pages\/33\/revisions"}],"predecessor-version":[{"id":251,"href":"https:\/\/blogs.napier.ac.uk\/ukmsctn\/wp-json\/wp\/v2\/pages\/33\/revisions\/251"}],"wp:attachment":[{"href":"https:\/\/blogs.napier.ac.uk\/ukmsctn\/wp-json\/wp\/v2\/media?parent=33"}],"curies":[{"name":"wp","href":"https:\/\/api.w.org\/{rel}","templated":true}]}}