{"id":68,"date":"2025-07-22T11:48:21","date_gmt":"2025-07-22T10:48:21","guid":{"rendered":"https:\/\/blogs.napier.ac.uk\/thermalenergy\/?page_id=68"},"modified":"2025-10-16T15:54:52","modified_gmt":"2025-10-16T14:54:52","slug":"collaborations","status":"publish","type":"page","link":"https:\/\/blogs.napier.ac.uk\/thermalenergy\/collaborations\/","title":{"rendered":"Collaborations"},"content":{"rendered":"<p>UNESP &#8211; Brazil <a href=\"https:\/\/www.international.unesp.br\/\">Unesp &#8211; S\u00e3o Paulo State University &#8211; International<\/a><\/p>\n<p><a href=\"https:\/\/nestn.com.br\/\">P\u00e1gina inicial &#8211; Nest-n | N\u00facleo de Estudos em Transfer\u00eancia de Calor e Nanotecnologia<\/a><\/p>\n<p>&nbsp;<\/p>\n<p>BUET &#8211; Bangladesh <a href=\"https:\/\/www.buet.ac.bd\/web\/\">BUET<\/a><\/p>\n<p>&nbsp;<\/p>\n<p>La Rochelle &#8211; France <a href=\"https:\/\/www.univ-larochelle.fr\/\">La Rochelle Universit\u00e9 &#8211; Site institutionnel de La Rochelle Universit\u00e9<\/a><\/p>\n<p>&nbsp;<\/p>\n<p>KTU &#8211; Turkey <a href=\"https:\/\/www.ktun.edu.tr\/en\/Universite\/AnaSayfa\/\">KTUN &#8211; Konya Technical University | Pioneer of Development<\/a><\/p>\n<p>&nbsp;<\/p>\n<p>UFBA &#8211; Brazil <a href=\"http:\/\/www.ufba.br\/\">www.ufba.br<\/a><\/p>\n<p>&nbsp;<\/p>\n<p>Northumbria University <a href=\"http:\/\/www.northumbria.ac.uk\">www.northumbria.ac.uk<\/a><\/p>\n<p>&nbsp;<\/p>\n<p>YASAR University &#8211; Turkey <a href=\"https:\/\/www.yasar.edu.tr\/en\/\">Ya\u015far University \u2013 Science, Unity, Success<\/a><\/p>\n","protected":false},"excerpt":{"rendered":"<p>UNESP &#8211; Brazil Unesp &#8211; S\u00e3o Paulo State University &#8211; International P\u00e1gina inicial &#8211; Nest-n | N\u00facleo de Estudos em Transfer\u00eancia de Calor e Nanotecnologia &nbsp; BUET &#8211; Bangladesh BUET &nbsp; La Rochelle &#8211; France La Rochelle Universit\u00e9 &#8211; Site institutionnel de La Rochelle Universit\u00e9 &nbsp; KTU &#8211; Turkey KTUN &#8211; Konya Technical University |<\/p>\n<p><a href=\"https:\/\/blogs.napier.ac.uk\/thermalenergy\/collaborations\/\" class=\"more-link themebutton\">Read More<\/a><\/p>\n","protected":false},"author":171,"featured_media":0,"parent":0,"menu_order":0,"comment_status":"closed","ping_status":"closed","template":"","meta":{"_crdt_document":"","footnotes":""},"class_list":["post-68","page","type-page","status-publish","hentry"],"yoast_head":"<!-- This site is optimized with the Yoast SEO plugin v27.3 - https:\/\/yoast.com\/product\/yoast-seo-wordpress\/ -->\n<title>Collaborations - Thermal Energy Research Lab (TER-Lab)<\/title>\n<meta name=\"robots\" content=\"index, follow, max-snippet:-1, max-image-preview:large, max-video-preview:-1\" \/>\n<link rel=\"canonical\" href=\"https:\/\/blogs.napier.ac.uk\/thermalenergy\/collaborations\/\" \/>\n<meta property=\"og:locale\" content=\"en_GB\" \/>\n<meta property=\"og:type\" content=\"article\" \/>\n<meta property=\"og:title\" content=\"Collaborations - Thermal Energy Research Lab (TER-Lab)\" \/>\n<meta property=\"og:description\" content=\"UNESP &#8211; Brazil Unesp &#8211; S\u00e3o Paulo State University &#8211; International P\u00e1gina inicial &#8211; Nest-n | N\u00facleo de Estudos em Transfer\u00eancia de Calor e Nanotecnologia &nbsp; BUET &#8211; Bangladesh BUET &nbsp; La Rochelle &#8211; France La Rochelle Universit\u00e9 &#8211; Site institutionnel de La Rochelle Universit\u00e9 &nbsp; KTU &#8211; Turkey KTUN &#8211; Konya Technical University |Read More\" \/>\n<meta property=\"og:url\" content=\"https:\/\/blogs.napier.ac.uk\/thermalenergy\/collaborations\/\" \/>\n<meta property=\"og:site_name\" content=\"Thermal Energy Research Lab (TER-Lab)\" \/>\n<meta property=\"article:modified_time\" content=\"2025-10-16T14:54:52+00:00\" \/>\n<meta name=\"twitter:card\" content=\"summary_large_image\" \/>\n<meta name=\"twitter:label1\" content=\"Estimated reading time\" \/>\n\t<meta name=\"twitter:data1\" content=\"1 minute\" \/>\n<script type=\"application\/ld+json\" class=\"yoast-schema-graph\">{\"@context\":\"https:\\\/\\\/schema.org\",\"@graph\":[{\"@type\":\"WebPage\",\"@id\":\"https:\\\/\\\/blogs.napier.ac.uk\\\/thermalenergy\\\/collaborations\\\/\",\"url\":\"https:\\\/\\\/blogs.napier.ac.uk\\\/thermalenergy\\\/collaborations\\\/\",\"name\":\"Collaborations - Thermal Energy Research Lab (TER-Lab)\",\"isPartOf\":{\"@id\":\"https:\\\/\\\/blogs.napier.ac.uk\\\/thermalenergy\\\/#website\"},\"datePublished\":\"2025-07-22T10:48:21+00:00\",\"dateModified\":\"2025-10-16T14:54:52+00:00\",\"breadcrumb\":{\"@id\":\"https:\\\/\\\/blogs.napier.ac.uk\\\/thermalenergy\\\/collaborations\\\/#breadcrumb\"},\"inLanguage\":\"en-GB\",\"potentialAction\":[{\"@type\":\"ReadAction\",\"target\":[\"https:\\\/\\\/blogs.napier.ac.uk\\\/thermalenergy\\\/collaborations\\\/\"]}]},{\"@type\":\"BreadcrumbList\",\"@id\":\"https:\\\/\\\/blogs.napier.ac.uk\\\/thermalenergy\\\/collaborations\\\/#breadcrumb\",\"itemListElement\":[{\"@type\":\"ListItem\",\"position\":1,\"name\":\"Home\",\"item\":\"https:\\\/\\\/blogs.napier.ac.uk\\\/thermalenergy\\\/\"},{\"@type\":\"ListItem\",\"position\":2,\"name\":\"Collaborations\"}]},{\"@type\":\"WebSite\",\"@id\":\"https:\\\/\\\/blogs.napier.ac.uk\\\/thermalenergy\\\/#website\",\"url\":\"https:\\\/\\\/blogs.napier.ac.uk\\\/thermalenergy\\\/\",\"name\":\"Thermal Energy Research Lab (TER-Lab)\",\"description\":\"\",\"potentialAction\":[{\"@type\":\"SearchAction\",\"target\":{\"@type\":\"EntryPoint\",\"urlTemplate\":\"https:\\\/\\\/blogs.napier.ac.uk\\\/thermalenergy\\\/?s={search_term_string}\"},\"query-input\":{\"@type\":\"PropertyValueSpecification\",\"valueRequired\":true,\"valueName\":\"search_term_string\"}}],\"inLanguage\":\"en-GB\"}]}<\/script>\n<!-- \/ Yoast SEO plugin. -->","yoast_head_json":{"title":"Collaborations - Thermal Energy Research Lab (TER-Lab)","robots":{"index":"index","follow":"follow","max-snippet":"max-snippet:-1","max-image-preview":"max-image-preview:large","max-video-preview":"max-video-preview:-1"},"canonical":"https:\/\/blogs.napier.ac.uk\/thermalenergy\/collaborations\/","og_locale":"en_GB","og_type":"article","og_title":"Collaborations - Thermal Energy Research Lab (TER-Lab)","og_description":"UNESP &#8211; Brazil Unesp &#8211; S\u00e3o Paulo State University &#8211; International P\u00e1gina inicial &#8211; Nest-n | N\u00facleo de Estudos em Transfer\u00eancia de Calor e Nanotecnologia &nbsp; BUET &#8211; Bangladesh BUET &nbsp; La Rochelle &#8211; France La Rochelle Universit\u00e9 &#8211; Site institutionnel de La Rochelle Universit\u00e9 &nbsp; KTU &#8211; Turkey KTUN &#8211; Konya Technical University |Read More","og_url":"https:\/\/blogs.napier.ac.uk\/thermalenergy\/collaborations\/","og_site_name":"Thermal Energy Research Lab (TER-Lab)","article_modified_time":"2025-10-16T14:54:52+00:00","twitter_card":"summary_large_image","twitter_misc":{"Estimated reading time":"1 minute"},"schema":{"@context":"https:\/\/schema.org","@graph":[{"@type":"WebPage","@id":"https:\/\/blogs.napier.ac.uk\/thermalenergy\/collaborations\/","url":"https:\/\/blogs.napier.ac.uk\/thermalenergy\/collaborations\/","name":"Collaborations - Thermal Energy Research Lab (TER-Lab)","isPartOf":{"@id":"https:\/\/blogs.napier.ac.uk\/thermalenergy\/#website"},"datePublished":"2025-07-22T10:48:21+00:00","dateModified":"2025-10-16T14:54:52+00:00","breadcrumb":{"@id":"https:\/\/blogs.napier.ac.uk\/thermalenergy\/collaborations\/#breadcrumb"},"inLanguage":"en-GB","potentialAction":[{"@type":"ReadAction","target":["https:\/\/blogs.napier.ac.uk\/thermalenergy\/collaborations\/"]}]},{"@type":"BreadcrumbList","@id":"https:\/\/blogs.napier.ac.uk\/thermalenergy\/collaborations\/#breadcrumb","itemListElement":[{"@type":"ListItem","position":1,"name":"Home","item":"https:\/\/blogs.napier.ac.uk\/thermalenergy\/"},{"@type":"ListItem","position":2,"name":"Collaborations"}]},{"@type":"WebSite","@id":"https:\/\/blogs.napier.ac.uk\/thermalenergy\/#website","url":"https:\/\/blogs.napier.ac.uk\/thermalenergy\/","name":"Thermal Energy Research Lab (TER-Lab)","description":"","potentialAction":[{"@type":"SearchAction","target":{"@type":"EntryPoint","urlTemplate":"https:\/\/blogs.napier.ac.uk\/thermalenergy\/?s={search_term_string}"},"query-input":{"@type":"PropertyValueSpecification","valueRequired":true,"valueName":"search_term_string"}}],"inLanguage":"en-GB"}]}},"_links":{"self":[{"href":"https:\/\/blogs.napier.ac.uk\/thermalenergy\/wp-json\/wp\/v2\/pages\/68","targetHints":{"allow":["GET"]}}],"collection":[{"href":"https:\/\/blogs.napier.ac.uk\/thermalenergy\/wp-json\/wp\/v2\/pages"}],"about":[{"href":"https:\/\/blogs.napier.ac.uk\/thermalenergy\/wp-json\/wp\/v2\/types\/page"}],"author":[{"embeddable":true,"href":"https:\/\/blogs.napier.ac.uk\/thermalenergy\/wp-json\/wp\/v2\/users\/171"}],"replies":[{"embeddable":true,"href":"https:\/\/blogs.napier.ac.uk\/thermalenergy\/wp-json\/wp\/v2\/comments?post=68"}],"version-history":[{"count":3,"href":"https:\/\/blogs.napier.ac.uk\/thermalenergy\/wp-json\/wp\/v2\/pages\/68\/revisions"}],"predecessor-version":[{"id":163,"href":"https:\/\/blogs.napier.ac.uk\/thermalenergy\/wp-json\/wp\/v2\/pages\/68\/revisions\/163"}],"wp:attachment":[{"href":"https:\/\/blogs.napier.ac.uk\/thermalenergy\/wp-json\/wp\/v2\/media?parent=68"}],"curies":[{"name":"wp","href":"https:\/\/api.w.org\/{rel}","templated":true}]}}