{"id":36,"date":"2021-04-14T17:57:44","date_gmt":"2021-04-14T17:57:44","guid":{"rendered":"https:\/\/blogs.napier.ac.uk\/social-informatics\/?page_id=36"},"modified":"2024-03-22T13:45:59","modified_gmt":"2024-03-22T13:45:59","slug":"publications","status":"publish","type":"page","link":"https:\/\/blogs.napier.ac.uk\/social-informatics\/publications\/","title":{"rendered":"Publications"},"content":{"rendered":"<p><em>Here is a selection of recent publications by our members.<\/em><\/p>\n<p>Alhayan, F., <strong>Pennington, D.<\/strong> and Ayouni, S. (2023). Twitter use by the dementia community during COVID-19: a user classification and social network analysis. <em>Online Information Review<\/em>, <em>47<\/em>(1), 41-58.<br \/>\nDOI: <a href=\"https:\/\/www.emerald.com\/insight\/content\/doi\/10.1108\/OIR-04-2021-0208\/full\/html\">10.1108\/OIR-04-2021-0208<\/a>.<\/p>\n<p><strong>Bielinski, A<\/strong>., &amp; Broby, D. (2023). Machine learning and the optimal choice of asset pricing model. In S. H. Jafar, H. Kannan, H. El-Chaarani, S. Moturi, &amp; N. Gupta (Eds.), <em>Artificial intelligence for capital markets<\/em> (pp. 91\u2013127). CRC Press. <a href=\"https:\/\/www.taylorfrancis.com\/chapters\/edit\/10.1201\/9781003327745-7\/machine-learning-optimal-choice-asset-pricing-model-aleksander-bielinski-daniel-broby\">https:\/\/www.taylorfrancis.com\/chapters\/edit\/10.1201\/9781003327745-7\/machine-learning-optimal-choice-asset-pricing-model-aleksander-bielinski-daniel-broby<\/a>.<\/p>\n<p><strong>Chita, P., Cruickshank, P., Smith, C.F<\/strong>. &amp; Richards, K. (2020). Agile implementation and expansive learning: identifying contradictions and their resolutions using an Activity Theory perspective. In V. Stray, R. Hoda, M. Paasivaara &amp; M. Kruchten (Eds). <em>Proceedings of the 21st International Conference on Agile Software Development, XP 2020<\/em> (pp. 3-19). Springer. DOI: <a href=\"https:\/\/link.springer.com\/chapter\/10.1007\/978-3-030-49392-9_1\">10.1007\/978-3-030-49392-9_1<\/a>.<\/p>\n<p data-adtags-visited=\"true\">Cruickshank, P., &amp; <strong>Ryan, B<\/strong>. (2023). An information literacy lens on community representation for participatory budgeting in Brazil. <em>Journal of Information Literacy<\/em>, <em>17<\/em>(2), 46-68. <a href=\"https:\/\/doi.org\/10.11645\/17.2.5\" target=\"_blank\" rel=\"noreferrer noopener\">https:\/\/doi.org\/10.11645\/17.2.5<\/a><\/p>\n<p><strong>Luo, L.<\/strong>, <strong>Cruickshank, P.<\/strong>, &amp; Richards, K. (2023). Stakeholder perspectives of internationalisation of universities in China\u2019s non-first-tier cities: a case study. <em>Internationalisation of Higher Education \u2013 Policy and Practice<\/em>, 2023(1). DOI: <a href=\"https:\/\/doi.org\/10.36197\/INT.1-2023.01\">10.36197\/INT.1-2023.01<\/a>.<\/p>\n<p><strong>Detlor, B.,<\/strong> Julien, H., La Rose, T. &amp; Serenko. (2022). Community-led digital literacy training: Toward a conceptual framework. <em>Journal of the Association for Information Science and Technology<\/em>, <em>73<\/em>(10), 1387\u20131400. DOI: <a href=\"https:\/\/asistdl.onlinelibrary.wiley.com\/doi\/10.1002\/asi.24639\">10.1002\/asi.24639<\/a>.<\/p>\n<p><strong>Fabian, K.,<\/strong> Smith, S., <strong>Taylor-Smith, E.,<\/strong> &amp; <strong>Meharg, D.<\/strong> (2022). Identifying factors influencing study skills engagement and participation for online learners in higher education during COVID-19. <em>British Journal of Educational Technology<\/em>, 53, 1915\u20131936. DOI: <a href=\"https:\/\/bera-journals.onlinelibrary.wiley.com\/doi\/10.1111\/bjet.13221\">10.1111\/bjet.13221<\/a>.<\/p>\n<p><strong>Feeney, A<\/strong>. <strong>J.<\/strong> (2023 in press). \u201cNew Clicks\u201d &#8211; developing user-led digital literacies in older adults within Scottish public libraries. <em>Proceedings<\/em> <em>of the 9<sup>th<\/sup> European Conference on Information Literacy (ECIL 2023)<\/em>, Krakow, Poland, 9<sup>th<\/sup>-12<sup>th<\/sup> October 2023.<\/p>\n<p><strong>Hall, H<\/strong>., <strong>Ryan, B.<\/strong>, <strong>Salzano, R.<\/strong> and <strong>Stephen, K.<\/strong> (2022), From a network model to a model network: strategies for network development to narrow the LIS research\u2013practice gap, <em>Journal of Documentation<\/em>, <em>79<\/em>(3), 757-783. DOI: <a href=\"https:\/\/www.emerald.com\/insight\/content\/doi\/10.1108\/JD-04-2022-0088\/full\/html\">10.1108\/JD-04-2022-0088<\/a>.<\/p>\n<p>Harvey, M., &amp; <strong>Brazier, D.<\/strong> (2022). E-government information search by English as a second language speakers: the effects of language proficiency and document reading Level. <em>Information Processing and Management<\/em>, <em>59<\/em>(4), Article 102985. DOI: <a href=\"https:\/\/www.sciencedirect.com\/science\/article\/pii\/S0306457322001017?via%3Dihub\">10.1016\/j.ipm.2022.102985<\/a>.<\/p>\n<p><strong>Haynes, D. <\/strong>&amp; Robinson, L. (2023). Delphi study of risk to individuals who disclose personal information online. <em>Journal of Information Science<\/em>, <em>49<\/em>(1), 93-106. DOI: <a href=\"https:\/\/journals.sagepub.com\/doi\/10.1177\/0165551521992756\">10.1177\/0165551521992756<\/a>.<\/p>\n<p><strong>Kachale, T<\/strong>., Demeke, W., Chrysoulas, C., &amp; Romdhani, I. (2023 in press). An exploratory qualitative study of middle managers\u2019 lived experiences in contribution to strategic alignment at a public university. <em>Proceedings of the 11th World Conference on Information Systems and Technologies (WorldCist\u201923)<\/em>, Lodz, Poland, 26th-28th March 2023.<\/p>\n<p><strong>Milosheva, M<\/strong>., <strong>Hall, H.<\/strong> &amp; Robertson, P. &amp; <strong>Cruickshank, P.<\/strong> (2022). New information literacy horizons: making the case for career information literacy. In S. Kurbano\u011flu, S. \u0160piranec, Y. \u00dcnal, J. Boustany &amp; D. Kos (Eds.) <em>Information literacy in a post-truth era: 7th European Conference, ECIL 2021 (online), September 20\u201323, 2021, revised selected papers<\/em> (pp. 239-252). Springer.<\/p>\n<p><strong>Salzano, R.,<\/strong> <strong>Brazier, D., <\/strong><strong>Hall, H.<\/strong>, &amp; Webster, G. (2022). What are public libraries for? Culture as a determinant of conceptualizations of public library services for forced migrants. In: <em>Proceedings of the 85<sup>th<\/sup> annual meeting of the Association for Information Science and Technology<\/em>, <em>59<\/em>(1), 276\u2013286. DOI: <a href=\"https:\/\/asistdl.onlinelibrary.wiley.com\/doi\/10.1002\/pra2.752\">10.1002\/pra2.752<\/a>.<\/p>\n<p><strong>Vargheese, J. P.<\/strong>, Collinson, M., &amp; Masthoff, J. (2022). A Quantitative Field Study of a Persuasive Security Technology in the Wild. In <em>Social Informatics: 13th International Conference, SocInfo 2022, Glasgow, UK, October 19\u201321, 2022, Proceedings<\/em> (211-232). DOI: <a href=\"https:\/\/dl.acm.org\/doi\/abs\/10.1007\/978-3-031-19097-1_13\">10.1007\/978-3-031-19097-1_13<\/a>.<\/p>\n<p><strong>Wilson, M.,<\/strong> <strong>Cruickshank, P<\/strong>., Gkatzia, D., &amp; Robertson, P. (2022). Opportunities and risks for the use of artificial intelligence in career development practice. <em>Journal of the Institute for Career Education and Counselling, 47<\/em>(1) (pp. 48-57). DOI: <a href=\"https:\/\/www.nicecjournal.co.uk\/index.php\/nc\/article\/view\/395\">10.20856\/jnicec.4807<\/a>.<\/p>\n<p>Webster, G., &amp; <strong>Ryan, F. V. C.<\/strong> (2023). Social media by proxy: how older adults work within their social networks to engage with social media. <em>Information Research<\/em>, <em>28<\/em>(1), 50\u201377. DOI: <a href=\"https:\/\/doi.org\/10.47989\/irpaper952\">10.47989\/irpaper952<\/a>.<\/p>\n","protected":false},"excerpt":{"rendered":"<div class=\"mh-excerpt\"><p>Here is a selection of recent publications by our members. Alhayan, F., Pennington, D. and Ayouni, S. (2023). Twitter use by the dementia community during <a class=\"mh-excerpt-more\" href=\"https:\/\/blogs.napier.ac.uk\/social-informatics\/publications\/\" title=\"Publications\">[more &#8230;]<\/a><\/p>\n<\/div>","protected":false},"author":312,"featured_media":0,"parent":0,"menu_order":0,"comment_status":"closed","ping_status":"closed","template":"","meta":{"_crdt_document":"","footnotes":""},"class_list":["post-36","page","type-page","status-publish","hentry"],"yoast_head":"<!-- This site is optimized with the Yoast SEO plugin v27.3 - https:\/\/yoast.com\/product\/yoast-seo-wordpress\/ -->\n<title>Publications - Applied Informatics Research<\/title>\n<meta name=\"robots\" content=\"index, follow, max-snippet:-1, max-image-preview:large, max-video-preview:-1\" \/>\n<link rel=\"canonical\" href=\"https:\/\/blogs.napier.ac.uk\/social-informatics\/publications\/\" \/>\n<meta property=\"og:locale\" content=\"en_GB\" \/>\n<meta property=\"og:type\" content=\"article\" \/>\n<meta property=\"og:title\" content=\"Publications - Applied Informatics Research\" \/>\n<meta property=\"og:description\" content=\"Here is a selection of recent publications by our members. Alhayan, F., Pennington, D. and Ayouni, S. (2023). Twitter use by the dementia community during [more ...]\" \/>\n<meta property=\"og:url\" content=\"https:\/\/blogs.napier.ac.uk\/social-informatics\/publications\/\" \/>\n<meta property=\"og:site_name\" content=\"Applied Informatics Research\" \/>\n<meta property=\"article:modified_time\" content=\"2024-03-22T13:45:59+00:00\" \/>\n<meta name=\"twitter:card\" content=\"summary_large_image\" \/>\n<meta name=\"twitter:label1\" content=\"Estimated reading time\" \/>\n\t<meta name=\"twitter:data1\" content=\"3 minutes\" \/>\n<script type=\"application\/ld+json\" class=\"yoast-schema-graph\">{\"@context\":\"https:\\\/\\\/schema.org\",\"@graph\":[{\"@type\":\"WebPage\",\"@id\":\"https:\\\/\\\/blogs.napier.ac.uk\\\/social-informatics\\\/publications\\\/\",\"url\":\"https:\\\/\\\/blogs.napier.ac.uk\\\/social-informatics\\\/publications\\\/\",\"name\":\"Publications - Applied Informatics Research\",\"isPartOf\":{\"@id\":\"https:\\\/\\\/blogs.napier.ac.uk\\\/social-informatics\\\/#website\"},\"datePublished\":\"2021-04-14T17:57:44+00:00\",\"dateModified\":\"2024-03-22T13:45:59+00:00\",\"breadcrumb\":{\"@id\":\"https:\\\/\\\/blogs.napier.ac.uk\\\/social-informatics\\\/publications\\\/#breadcrumb\"},\"inLanguage\":\"en-GB\",\"potentialAction\":[{\"@type\":\"ReadAction\",\"target\":[\"https:\\\/\\\/blogs.napier.ac.uk\\\/social-informatics\\\/publications\\\/\"]}]},{\"@type\":\"BreadcrumbList\",\"@id\":\"https:\\\/\\\/blogs.napier.ac.uk\\\/social-informatics\\\/publications\\\/#breadcrumb\",\"itemListElement\":[{\"@type\":\"ListItem\",\"position\":1,\"name\":\"Home\",\"item\":\"https:\\\/\\\/blogs.napier.ac.uk\\\/social-informatics\\\/\"},{\"@type\":\"ListItem\",\"position\":2,\"name\":\"Publications\"}]},{\"@type\":\"WebSite\",\"@id\":\"https:\\\/\\\/blogs.napier.ac.uk\\\/social-informatics\\\/#website\",\"url\":\"https:\\\/\\\/blogs.napier.ac.uk\\\/social-informatics\\\/\",\"name\":\"Applied Informatics Research\",\"description\":\"at Edinburgh Napier University\",\"potentialAction\":[{\"@type\":\"SearchAction\",\"target\":{\"@type\":\"EntryPoint\",\"urlTemplate\":\"https:\\\/\\\/blogs.napier.ac.uk\\\/social-informatics\\\/?s={search_term_string}\"},\"query-input\":{\"@type\":\"PropertyValueSpecification\",\"valueRequired\":true,\"valueName\":\"search_term_string\"}}],\"inLanguage\":\"en-GB\"}]}<\/script>\n<!-- \/ Yoast SEO plugin. -->","yoast_head_json":{"title":"Publications - Applied Informatics Research","robots":{"index":"index","follow":"follow","max-snippet":"max-snippet:-1","max-image-preview":"max-image-preview:large","max-video-preview":"max-video-preview:-1"},"canonical":"https:\/\/blogs.napier.ac.uk\/social-informatics\/publications\/","og_locale":"en_GB","og_type":"article","og_title":"Publications - Applied Informatics Research","og_description":"Here is a selection of recent publications by our members. Alhayan, F., Pennington, D. and Ayouni, S. (2023). Twitter use by the dementia community during [more ...]","og_url":"https:\/\/blogs.napier.ac.uk\/social-informatics\/publications\/","og_site_name":"Applied Informatics Research","article_modified_time":"2024-03-22T13:45:59+00:00","twitter_card":"summary_large_image","twitter_misc":{"Estimated reading time":"3 minutes"},"schema":{"@context":"https:\/\/schema.org","@graph":[{"@type":"WebPage","@id":"https:\/\/blogs.napier.ac.uk\/social-informatics\/publications\/","url":"https:\/\/blogs.napier.ac.uk\/social-informatics\/publications\/","name":"Publications - Applied Informatics Research","isPartOf":{"@id":"https:\/\/blogs.napier.ac.uk\/social-informatics\/#website"},"datePublished":"2021-04-14T17:57:44+00:00","dateModified":"2024-03-22T13:45:59+00:00","breadcrumb":{"@id":"https:\/\/blogs.napier.ac.uk\/social-informatics\/publications\/#breadcrumb"},"inLanguage":"en-GB","potentialAction":[{"@type":"ReadAction","target":["https:\/\/blogs.napier.ac.uk\/social-informatics\/publications\/"]}]},{"@type":"BreadcrumbList","@id":"https:\/\/blogs.napier.ac.uk\/social-informatics\/publications\/#breadcrumb","itemListElement":[{"@type":"ListItem","position":1,"name":"Home","item":"https:\/\/blogs.napier.ac.uk\/social-informatics\/"},{"@type":"ListItem","position":2,"name":"Publications"}]},{"@type":"WebSite","@id":"https:\/\/blogs.napier.ac.uk\/social-informatics\/#website","url":"https:\/\/blogs.napier.ac.uk\/social-informatics\/","name":"Applied Informatics Research","description":"at Edinburgh Napier University","potentialAction":[{"@type":"SearchAction","target":{"@type":"EntryPoint","urlTemplate":"https:\/\/blogs.napier.ac.uk\/social-informatics\/?s={search_term_string}"},"query-input":{"@type":"PropertyValueSpecification","valueRequired":true,"valueName":"search_term_string"}}],"inLanguage":"en-GB"}]}},"jetpack_sharing_enabled":true,"_links":{"self":[{"href":"https:\/\/blogs.napier.ac.uk\/social-informatics\/wp-json\/wp\/v2\/pages\/36","targetHints":{"allow":["GET"]}}],"collection":[{"href":"https:\/\/blogs.napier.ac.uk\/social-informatics\/wp-json\/wp\/v2\/pages"}],"about":[{"href":"https:\/\/blogs.napier.ac.uk\/social-informatics\/wp-json\/wp\/v2\/types\/page"}],"author":[{"embeddable":true,"href":"https:\/\/blogs.napier.ac.uk\/social-informatics\/wp-json\/wp\/v2\/users\/312"}],"replies":[{"embeddable":true,"href":"https:\/\/blogs.napier.ac.uk\/social-informatics\/wp-json\/wp\/v2\/comments?post=36"}],"version-history":[{"count":9,"href":"https:\/\/blogs.napier.ac.uk\/social-informatics\/wp-json\/wp\/v2\/pages\/36\/revisions"}],"predecessor-version":[{"id":1202,"href":"https:\/\/blogs.napier.ac.uk\/social-informatics\/wp-json\/wp\/v2\/pages\/36\/revisions\/1202"}],"wp:attachment":[{"href":"https:\/\/blogs.napier.ac.uk\/social-informatics\/wp-json\/wp\/v2\/media?parent=36"}],"curies":[{"name":"wp","href":"https:\/\/api.w.org\/{rel}","templated":true}]}}